{"id":1322,"date":"2026-01-04T21:03:32","date_gmt":"2026-01-04T20:03:32","guid":{"rendered":"https:\/\/enseignant.infocom.work\/?page_id=1322"},"modified":"2026-02-10T10:21:45","modified_gmt":"2026-02-10T09:21:45","slug":"home","status":"publish","type":"page","link":"https:\/\/massagereflex.ch\/","title":{"rendered":"Home"},"content":{"rendered":"<div data-spectra-id=\"spectra-mhj7dder-bl2e98\"\tstyle=\"overflow: visible; --spectra-background-color: var(--ast-global-color-7); --spectra-overlay-opacity: 0.3;\" class=\"spectra-is-root-container spectra-overlay-color spectra-overflow spectra-background-color spectra-dim-ratio wp-block-spectra-container\" data-orientation=\"vertical\"\t>\n\t\n<div data-spectra-id=\"spectra-a0520380-ctn1\" style=\"overflow: visible;--spectra-overlay-opacity: 1\" class=\"spectra-overlay-color spectra-overflow spectra-dim-ratio wp-block-spectra-container\" data-orientation=\"vertical\">\n\t\n\t<p data-spectra-id=\"spectra-a0520380-title\" style=\"--spectra-text-color: ast-global-color-5\" class=\"has-text-color spectra-text-color wp-block-spectra-content has-text-color has-ast-global-color-5-color\">\n\t\t<mark class=\"has-inline-color has-ast-global-color-5-color\">Massage<\/mark>\t<\/p>\n\n\n\t<h1 data-spectra-id=\"spectra-a0520380-prefix\" style=\"--spectra-text-color: ast-global-color-5\" class=\"has-text-color spectra-text-color wp-block-spectra-content has-text-color has-ast-global-color-5-color\">\n\t\tUn temps pour soi \t<\/h1>\n\n\n\n<p class=\"has-text-align-center has-ast-global-color-5-color has-text-color has-default-font-family\" style=\"margin-top:0px;margin-right:0px;margin-bottom:0px;margin-left:0px;padding-top:0px;padding-right:0px;padding-bottom:0px;padding-left:0px;font-family:Default;font-size:16px;line-height:24px\"><mark class=\"has-inline-color has-ast-global-color-5-color\">                                                              <\/mark><\/p>\n\n<\/div>\n\n<\/div>\n\n\n\t<div data-spectra-id=\"spectra-mk2xb1ee-4rd3aj\"\t\tstyle=\"--spectra-text-color: ast-global-color-5; --spectra-background-color: ast-global-color-3;\" class=\"has-background has-text-color spectra-text-color spectra-background-color wp-block-spectra-content has-text-color has-ast-global-color-5-color has-background has-ast-global-color-3-background-color\">\n\t\t<strong><mark class=\"has-inline-color has-ast-global-color-5-color\">Au Centre Sportif de la Vallee de Joux <\/mark><\/strong><br><span><mark style=\"font-weight: bold\" class=\"has-inline-color has-ast-global-color-5-color\">Rue du Centre Sportif 1<\/mark><\/span><strong>, CH-1347 Le Sentier<\/strong> <br><strong>Vendredi de 11h a 19h30 sur RDV<\/strong>\t<\/div>\n\n\n<div data-spectra-id=\"spectra-mhj7i8z3-73psdv\"\tstyle=\"overflow: visible;\" class=\"spectra-is-root-container alignfull spectra-overlay-color spectra-overflow wp-block-spectra-container\" data-orientation=\"vertical\"\t>\n\t\n<div data-spectra-id=\"spectra-mfkv85dv-ogy4n8\" style=\"display: flex;justify-content: center\" class=\"wp-block-spectra-separator spectra-separator-color alignwide wp-block-spectra-separator\">\n\t<div class=\"spectra-separator-line\" style=\"margin-left: auto;margin-right: auto;background-color: var(--ast-global-color-0)\"><\/div>\n<\/div>\n\n\n\t<h2 data-spectra-id=\"spectra-a82cc693-b31e-4877-ab5e-2df002d2314e\" style=\"--spectra-text-color: ast-global-color-2\" class=\"has-text-color has-link-color spectra-text-color wp-elements-772e32649e92618259921e88d17a1a2c wp-block-spectra-content has-text-color has-ast-global-color-2-color\">\n\t\tLes massages \t<\/h2>\n\n\n<div data-spectra-id=\"fd1f4853\" style=\"overflow: visible\" class=\"spectra-overlay-color spectra-overflow wp-block-spectra-container\" data-orientation=\"vertical\">\n\t\n<div data-spectra-id=\"spectra-mfkur943-9bgt9c\" style=\"overflow: visible\" class=\"spectra-overlay-color spectra-overflow wp-block-spectra-container\" data-orientation=\"vertical\">\n\t\n<div data-spectra-id=\"spectra-mfkurneh-k3qzey\" style=\"overflow: visible\" class=\"spectra-overlay-color spectra-overflow wp-block-spectra-container\" data-orientation=\"vertical\">\n\t\n\n<figure data-spectra-id=\"spectra-mfxyzrxn-wfoxus\" class=\"wp-block-image size-full is-resized\"><img loading=\"lazy\" decoding=\"async\" width=\"1709\" height=\"2560\" src=\"https:\/\/enseignant.infocom.work\/wp-content\/uploads\/2026\/01\/pexels-photo-5240642-5240642-scaled.jpg\" alt=\"Unrecognizable masseuse kneading feet of unrecognizable female patient lying on table with towel in beauty salon during massage on blurred background\" class=\"wp-image-2970\" title=\"Home\" srcset=\"https:\/\/massagereflex.ch\/wp-content\/uploads\/2026\/01\/pexels-photo-5240642-5240642-scaled.jpg 1709w, https:\/\/massagereflex.ch\/wp-content\/uploads\/2026\/01\/pexels-photo-5240642-5240642-200x300.jpg 200w, https:\/\/massagereflex.ch\/wp-content\/uploads\/2026\/01\/pexels-photo-5240642-5240642-684x1024.jpg 684w, https:\/\/massagereflex.ch\/wp-content\/uploads\/2026\/01\/pexels-photo-5240642-5240642-768x1150.jpg 768w, https:\/\/massagereflex.ch\/wp-content\/uploads\/2026\/01\/pexels-photo-5240642-5240642-1025x1536.jpg 1025w, https:\/\/massagereflex.ch\/wp-content\/uploads\/2026\/01\/pexels-photo-5240642-5240642-1367x2048.jpg 1367w, https:\/\/massagereflex.ch\/wp-content\/uploads\/2026\/01\/pexels-photo-5240642-5240642-600x899.jpg 600w\" sizes=\"auto, (max-width: 1709px) 100vw, 1709px\" \/><\/figure>\n\n\n<div data-spectra-id=\"spectra-mfkvd3f2-62n72w\" style=\"overflow: visible\" class=\"spectra-overlay-color spectra-overflow wp-block-spectra-container\" data-orientation=\"vertical\">\n\t\n\t<h3 data-spectra-id=\"spectra-mfkv3kef-4a4z7b\" style=\"--spectra-text-color: ast-global-color-2\" class=\"has-text-color has-link-color spectra-text-color wp-elements-ea6dfe50cec622f790571884a386f34d wp-block-spectra-content has-text-color has-ast-global-color-2-color\">\n\t\tReflexologie Plantaire  \t<\/h3>\n\n\n\t<p data-spectra-id=\"spectra-mfkv3xzn-o7xg4m\" style=\"--spectra-text-color: ast-global-color-6\" class=\"has-text-color has-link-color spectra-text-color wp-elements-45876b88231fc3deb66b5193ee9045d4 wp-block-spectra-content has-text-color has-ast-global-color-6-color\">\n\t\tLe massage des zones r\u00e9flexes des pieds est une technique manuelle pratiqu\u00e9e dans de nombreuses cultures depuis des si\u00e8cles. Cette technique douce fait partie des m\u00e9decines naturelles, r\u00e9put\u00e9e pour avoir la capacit\u00e9 d\u2019agir sur les diff\u00e9rents organes et fonctions de l\u2019ensemble de l\u2019organisme.\t<\/p>\n\n<\/div>\n\n<\/div>\n\n\n<div data-spectra-id=\"spectra-mfkurnej-skp6ml\" style=\"overflow: visible\" class=\"spectra-overlay-color spectra-overflow wp-block-spectra-container\" data-orientation=\"vertical\">\n\t\n\n<figure data-spectra-id=\"spectra-mfxyzrxq-wy6zdn\" class=\"wp-block-image size-full is-resized\"><img loading=\"lazy\" decoding=\"async\" width=\"1280\" height=\"905\" src=\"https:\/\/enseignant.infocom.work\/wp-content\/uploads\/2026\/01\/g96ad54ceb5a38808b88295de077bc3d863b2157e0d37b340eb9adae06b4ec084d8f55cd91715873e1fc3fdae939c36705a5fec0469b8893f786fa12872a324fb_1280-2768833.jpg\" alt=\"massage, shoulder, human, relaxation, classic massage, neck, sports massage, beneficence, therapy, hands, pain, relaxing massage, kneading, massage, massage, massage, massage, massage, pain, pain\" class=\"wp-image-2973\" title=\"Home\" srcset=\"https:\/\/massagereflex.ch\/wp-content\/uploads\/2026\/01\/g96ad54ceb5a38808b88295de077bc3d863b2157e0d37b340eb9adae06b4ec084d8f55cd91715873e1fc3fdae939c36705a5fec0469b8893f786fa12872a324fb_1280-2768833.jpg 1280w, https:\/\/massagereflex.ch\/wp-content\/uploads\/2026\/01\/g96ad54ceb5a38808b88295de077bc3d863b2157e0d37b340eb9adae06b4ec084d8f55cd91715873e1fc3fdae939c36705a5fec0469b8893f786fa12872a324fb_1280-2768833-300x212.jpg 300w, https:\/\/massagereflex.ch\/wp-content\/uploads\/2026\/01\/g96ad54ceb5a38808b88295de077bc3d863b2157e0d37b340eb9adae06b4ec084d8f55cd91715873e1fc3fdae939c36705a5fec0469b8893f786fa12872a324fb_1280-2768833-1024x724.jpg 1024w, https:\/\/massagereflex.ch\/wp-content\/uploads\/2026\/01\/g96ad54ceb5a38808b88295de077bc3d863b2157e0d37b340eb9adae06b4ec084d8f55cd91715873e1fc3fdae939c36705a5fec0469b8893f786fa12872a324fb_1280-2768833-768x543.jpg 768w, https:\/\/massagereflex.ch\/wp-content\/uploads\/2026\/01\/g96ad54ceb5a38808b88295de077bc3d863b2157e0d37b340eb9adae06b4ec084d8f55cd91715873e1fc3fdae939c36705a5fec0469b8893f786fa12872a324fb_1280-2768833-600x424.jpg 600w\" sizes=\"auto, (max-width: 1280px) 100vw, 1280px\" \/><\/figure>\n\n\n<div data-spectra-id=\"spectra-a5ac3695-9063-4777-b899-829b8d1dd93b\" style=\"overflow: visible\" class=\"spectra-overlay-color spectra-overflow wp-block-spectra-container\" data-orientation=\"vertical\">\n\t\n\t<h3 data-spectra-id=\"spectra-484fbb74-cc26-4c95-84f3-35aba20542f1\" style=\"--spectra-text-color: ast-global-color-2\" class=\"has-text-color has-link-color spectra-text-color wp-elements-59e572dc3630d0deb59e65c82939d04c wp-block-spectra-content has-text-color has-ast-global-color-2-color\">\n\t\tMassage detente\t<\/h3>\n\n\n\t<p data-spectra-id=\"spectra-837fe4a8-ed0f-4d2a-b8ce-2a35410a017c\" style=\"--spectra-text-color: ast-global-color-6\" class=\"has-text-color has-link-color spectra-text-color wp-elements-cba457ebd0c4145194c98427db08603a wp-block-spectra-content has-text-color has-ast-global-color-6-color\">\n\t\tPour rel\u00e2cher la pression, l\u00e2cher prise et am\u00e9liorer le niveau de bien-\u00eatre et d\u2019\u00e9nergie. Une pause pour se ressourcer.<br>Un moment de plaisir a offrir ou a s&rsquo;offrir.  \t<\/p>\n\n<\/div>\n\n<\/div>\n\n\n<div data-spectra-id=\"spectra-mfkurnem-abxsa6\" style=\"overflow: visible\" class=\"spectra-overlay-color spectra-overflow wp-block-spectra-container\" data-orientation=\"vertical\">\n\t\n\n<figure data-spectra-id=\"spectra-mfxyzrxr-8u1k4r\" class=\"wp-block-image size-full is-resized\"><img loading=\"lazy\" decoding=\"async\" width=\"2560\" height=\"1714\" src=\"https:\/\/enseignant.infocom.work\/wp-content\/uploads\/2026\/01\/pexels-photo-275768-275768-scaled.jpg\" alt=\"Close-up of a therapist giving a relaxing shoulder massage, enhancing wellness and stress relief.\" class=\"wp-image-2971\" title=\"Home\" srcset=\"https:\/\/massagereflex.ch\/wp-content\/uploads\/2026\/01\/pexels-photo-275768-275768-scaled.jpg 2560w, https:\/\/massagereflex.ch\/wp-content\/uploads\/2026\/01\/pexels-photo-275768-275768-300x201.jpg 300w, https:\/\/massagereflex.ch\/wp-content\/uploads\/2026\/01\/pexels-photo-275768-275768-1024x685.jpg 1024w, https:\/\/massagereflex.ch\/wp-content\/uploads\/2026\/01\/pexels-photo-275768-275768-768x514.jpg 768w, https:\/\/massagereflex.ch\/wp-content\/uploads\/2026\/01\/pexels-photo-275768-275768-1536x1028.jpg 1536w, https:\/\/massagereflex.ch\/wp-content\/uploads\/2026\/01\/pexels-photo-275768-275768-2048x1371.jpg 2048w, https:\/\/massagereflex.ch\/wp-content\/uploads\/2026\/01\/pexels-photo-275768-275768-600x402.jpg 600w\" sizes=\"auto, (max-width: 2560px) 100vw, 2560px\" \/><\/figure>\n\n\n<div data-spectra-id=\"spectra-bad8cef9-36fc-45f8-81a6-46b17d3ac706\" style=\"overflow: visible\" class=\"spectra-overlay-color spectra-overflow wp-block-spectra-container\" data-orientation=\"vertical\">\n\t\n\t<h3 data-spectra-id=\"spectra-ec15441e-b913-414a-942e-ca13768c785c\" style=\"--spectra-text-color: ast-global-color-2\" class=\"has-text-color has-link-color spectra-text-color wp-elements-592ada7fadb973b90e31cccff6dcd3db wp-block-spectra-content has-text-color has-ast-global-color-2-color\">\n\t\tMassage classique\t<\/h3>\n\n\n\t<p data-spectra-id=\"spectra-cd6ad307-e447-456d-a3ca-5bd81b5b6b14\" style=\"--spectra-text-color: ast-global-color-6\" class=\"has-text-color has-link-color spectra-text-color wp-elements-12c4b13a40b2dbe1a244255c527c8d37 wp-block-spectra-content has-text-color has-ast-global-color-6-color\">\n\t\tLe massage classique est particuli\u00e8rement b\u00e9n\u00e9fique \u00e0 celles et ceux qui souffrent de douleurs chroniques, de tensions musculaires, de stress ou de blessures. Une approche cibl\u00e9e des zones impact\u00e9es.\t<\/p>\n\n<\/div>\n\n<\/div>\n\n<\/div>\n\n<\/div>\n\n<\/div>\n\n\n\n<h2 class=\"wp-block-heading has-text-align-center\"><strong>Tarifs <\/strong><\/h2>\n\n\n\n<figure class=\"wp-block-table\"><table class=\"has-fixed-layout\"><tbody><tr><td class=\"has-text-align-center\" data-align=\"center\"><strong>R\u00e9flexologie Plantaire&nbsp;<\/strong><\/td><td class=\"has-text-align-center\" data-align=\"center\"><strong>Massage D\u00e9tente<\/strong><\/td><td class=\"has-text-align-center\" data-align=\"center\"><strong>Massage<\/strong>&nbsp;<strong>Dos ou Jambes <\/strong><br><strong>ou Nuque\/T\u00eate\/Epaules<\/strong><\/td><td class=\"has-text-align-center\" data-align=\"center\"><strong>Massage<\/strong>\u00a0<strong>classique Complet<\/strong><\/td><\/tr><tr><td class=\"has-text-align-center\" data-align=\"center\"><strong>50 minute<\/strong>s<\/td><td class=\"has-text-align-center\" data-align=\"center\"><strong>60 Minutes<\/strong><\/td><td class=\"has-text-align-center\" data-align=\"center\"><strong>30 Minutes<\/strong><\/td><td class=\"has-text-align-center\" data-align=\"center\"><strong>60 Minutes<\/strong><\/td><\/tr><tr><td class=\"has-text-align-center\" data-align=\"center\"><strong>CHF 100<\/strong><\/td><td class=\"has-text-align-center\" data-align=\"center\"><strong>CHF 120<\/strong><\/td><td class=\"has-text-align-center\" data-align=\"center\"><strong>CHF 60<\/strong><\/td><td class=\"has-text-align-center\" data-align=\"center\"><strong>CHF 120<\/strong><\/td><\/tr><\/tbody><\/table><\/figure>\n\n\n\n<p class=\"has-ast-global-color-5-color has-ast-global-color-3-background-color has-text-color has-background has-link-color wp-elements-5e94c3d69f5046d0124465034ba9a642\"><em>Membre du Registre des M\u00e9decines Empiriques (RME.ch) pour le massage classique. L&rsquo;appartenance au RME (tout comme l&rsquo;ASCA) conditionne la prise en charge par les assurances compl\u00e9mentaires. N\u00e9anmoins, il est conseill\u00e9 de vous rapprocher de votre assurance pour savoir si vous aurez droit a une prise en charge.<\/em><\/p>\n\n\n<div data-spectra-id=\"spectra-mfl4iiad-3vvgro\"\tstyle=\"overflow: visible; --spectra-overlay-opacity: 0.7;\" class=\"spectra-is-root-container alignfull spectra-overlay-color spectra-overflow spectra-dim-ratio wp-block-spectra-container\" data-orientation=\"vertical\"\t>\n\t\n<div data-spectra-id=\"spectra-mfl4j1jt-q366ip\" style=\"overflow: visible\" class=\"spectra-overlay-color spectra-overflow wp-block-spectra-container\" data-orientation=\"vertical\">\n\t\n<div data-spectra-id=\"spectra-mfl4j5x0-2cvpvg\" style=\"overflow: visible\" class=\"spectra-overlay-color spectra-overflow wp-block-spectra-container\" data-orientation=\"vertical\">\n\t\n\t<h4 data-spectra-id=\"spectra-mfm4cn57-3j10w9\" style=\"--spectra-text-color: ast-global-color-2\" class=\"has-text-color has-link-color spectra-text-color wp-elements-cb7e7e81c700a5dfaf603fba0bfd0466 wp-block-spectra-content has-text-color has-ast-global-color-2-color\">\n\t\tProfessionnelle de la th\u00e9rapie manuelle depuis 20 ans , je ne cesse d&rsquo;apprendre et de m\u2019\u00e9merveiller du pouvoir du toucher.\t<\/h4>\n\n\n\t<p data-spectra-id=\"spectra-mfm4dupl-34otdi\" style=\"--spectra-text-color: ast-global-color-6\" class=\"has-text-color has-link-color spectra-text-color wp-elements-c54e818f52a8b3c9d136d3e301412a90 wp-block-spectra-content has-text-color has-ast-global-color-6-color\">\n\t\tQue ce soit pour un moment de d\u00e9tente ou pour apaiser des tensions li\u00e9es au stress du quotidien, les massages sont une approche douce et r\u00e9confortante  du bien \u00eatre.\t<\/p>\n\n<\/div>\n\n\n<div data-spectra-id=\"spectra-mfl4j5x2-edu4k9\" style=\"overflow: hidden\" class=\"spectra-overlay-color spectra-overflow wp-block-spectra-container\" data-orientation=\"vertical\">\n\t\n\n<figure data-spectra-id=\"spectra-mfxyzrxv-c3u5qe\" class=\"wp-block-image size-full is-resized is-style-rounded\"><img loading=\"lazy\" decoding=\"async\" width=\"688\" height=\"737\" src=\"https:\/\/enseignant.infocom.work\/wp-content\/uploads\/2026\/01\/20260105_00473811.jpeg\" alt=\"20260105 00473811\" class=\"wp-image-3008\" title=\"Home\" srcset=\"https:\/\/massagereflex.ch\/wp-content\/uploads\/2026\/01\/20260105_00473811.jpeg 688w, https:\/\/massagereflex.ch\/wp-content\/uploads\/2026\/01\/20260105_00473811-280x300.jpeg 280w, https:\/\/massagereflex.ch\/wp-content\/uploads\/2026\/01\/20260105_00473811-600x643.jpeg 600w\" sizes=\"auto, (max-width: 688px) 100vw, 688px\" \/><\/figure>\n\n\n\t<p data-spectra-id=\"spectra-mk0zcjyj-q3d5w9\" class=\"wp-block-spectra-content\">\n\t\t<strong><mark class=\"has-inline-color has-ast-global-color-2-color\">Me Contacter:                                                                    Christine Guyon : +41 78 258 4461<\/mark><\/strong>\t<\/p>\n\n<\/div>\n\n<\/div>\n\n<\/div>\n\n\n<div data-spectra-id=\"spectra-mfm5x7am-wbcwwf\"\tstyle=\"overflow: visible; --spectra-overlay-opacity: 0.05;\" class=\"spectra-is-root-container spectra-overlay-color spectra-overflow spectra-dim-ratio wp-block-spectra-container\" data-orientation=\"vertical\"\t>\n\t\n<div data-spectra-id=\"spectra-mfm5xese-x3ubqd\" style=\"overflow: visible;--spectra-box-shadow: 12px 34px 0px 0px transparent\" class=\"spectra-overlay-color spectra-overflow spectra-box-shadow wp-block-spectra-container\" data-orientation=\"vertical\">\n\t\n\t<span data-spectra-id=\"spectra-mfm5xskx-q83axd\" style=\"--spectra-text-color: ast-global-color-2\" class=\"has-text-color has-link-color spectra-text-color wp-elements-52a3cca79b5bd73f223f127d0de8b2af wp-block-spectra-content has-text-color has-ast-global-color-2-color\">\n\t\t<strong><mark class=\"has-inline-color has-ast-global-color-6-color\">DES QUESTIONS  ?<\/mark><\/strong>\t<\/span>\n\n\n\n<p class=\"has-text-align-center has-ast-global-color-7-color has-ast-global-color-5-background-color has-text-color has-background has-link-color has-medium-font-size wp-elements-b959c973dc0fb7d29707bc86c669496f\" style=\"margin-top:0;margin-right:0;margin-bottom:0;margin-left:0\"><mark class=\"has-inline-color has-ast-global-color-6-color\">Vous souhaitez personnaliser <br>votre s\u00e9ance de massage ? <br>Offrir un Bon Cadeau?<br>N&rsquo;h\u00e9sitez pas \u00e0 me contacter<\/mark> <\/p>\n\n\n\n<p><\/p>\n\n<\/div>\n\n<\/div>\n\n\n\n<p><\/p>\n","protected":false},"excerpt":{"rendered":"<p>Tarifs R\u00e9flexologie Plantaire&nbsp; Massage D\u00e9tente Massage&nbsp;Dos ou Jambes ou Nuque\/T\u00eate\/Epaules Massage\u00a0classique Complet 50 minutes 60 Minutes 30 Minutes 60 Minutes CHF 100 CHF 120 CHF 60 CHF 120 Membre du Registre des M\u00e9decines Empiriques (RME.ch) pour le massage classique. L&rsquo;appartenance au RME (tout comme l&rsquo;ASCA) conditionne la prise en charge par les assurances compl\u00e9mentaires. N\u00e9anmoins, [&hellip;]<\/p>\n","protected":false},"author":1,"featured_media":0,"parent":0,"menu_order":0,"comment_status":"closed","ping_status":"closed","template":"","meta":{"_uag_custom_page_level_css":"","site-sidebar-layout":"no-sidebar","site-content-layout":"page-builder","ast-site-content-layout":"full-width-container","site-content-style":"unboxed","site-sidebar-style":"unboxed","ast-global-header-display":"","ast-banner-title-visibility":"","ast-main-header-display":"","ast-hfb-above-header-display":"","ast-hfb-below-header-display":"","ast-hfb-mobile-header-display":"","site-post-title":"disabled","ast-breadcrumbs-content":"","ast-featured-img":"disabled","footer-sml-layout":"","theme-transparent-header-meta":"enabled","adv-header-id-meta":"","stick-header-meta":"","header-above-stick-meta":"","header-main-stick-meta":"","header-below-stick-meta":"","astra-migrate-meta-layouts":"set","ast-page-background-enabled":"default","ast-page-background-meta":{"desktop":{"background-color":"var(--ast-global-color-4)","background-image":"","background-repeat":"repeat","background-position":"center center","background-size":"auto","background-attachment":"scroll","background-type":"","background-media":"","overlay-type":"","overlay-color":"","overlay-opacity":"","overlay-gradient":""},"tablet":{"background-color":"","background-image":"","background-repeat":"repeat","background-position":"center center","background-size":"auto","background-attachment":"scroll","background-type":"","background-media":"","overlay-type":"","overlay-color":"","overlay-opacity":"","overlay-gradient":""},"mobile":{"background-color":"","background-image":"","background-repeat":"repeat","background-position":"center center","background-size":"auto","background-attachment":"scroll","background-type":"","background-media":"","overlay-type":"","overlay-color":"","overlay-opacity":"","overlay-gradient":""}},"ast-content-background-meta":{"desktop":{"background-color":"var(--ast-global-color-5)","background-image":"","background-repeat":"repeat","background-position":"center center","background-size":"auto","background-attachment":"scroll","background-type":"","background-media":"","overlay-type":"","overlay-color":"","overlay-opacity":"","overlay-gradient":""},"tablet":{"background-color":"var(--ast-global-color-5)","background-image":"","background-repeat":"repeat","background-position":"center center","background-size":"auto","background-attachment":"scroll","background-type":"","background-media":"","overlay-type":"","overlay-color":"","overlay-opacity":"","overlay-gradient":""},"mobile":{"background-color":"var(--ast-global-color-5)","background-image":"","background-repeat":"repeat","background-position":"center center","background-size":"auto","background-attachment":"scroll","background-type":"","background-media":"","overlay-type":"","overlay-color":"","overlay-opacity":"","overlay-gradient":""}},"footnotes":""},"class_list":["post-1322","page","type-page","status-publish","hentry"],"uagb_featured_image_src":{"full":false,"thumbnail":false,"medium":false,"medium_large":false,"large":false,"1536x1536":false,"2048x2048":false},"uagb_author_info":{"display_name":"Frasses","author_link":"https:\/\/massagereflex.ch\/?author=1"},"uagb_comment_info":0,"uagb_excerpt":"Tarifs R\u00e9flexologie Plantaire&nbsp; Massage D\u00e9tente Massage&nbsp;Dos ou Jambes ou Nuque\/T\u00eate\/Epaules Massage\u00a0classique Complet 50 minutes 60 Minutes 30 Minutes 60 Minutes CHF 100 CHF 120 CHF 60 CHF 120 Membre du Registre des M\u00e9decines Empiriques (RME.ch) pour le massage classique. L&rsquo;appartenance au RME (tout comme l&rsquo;ASCA) conditionne la prise en charge par les assurances compl\u00e9mentaires. N\u00e9anmoins,\u2026","_links":{"self":[{"href":"https:\/\/massagereflex.ch\/index.php?rest_route=\/wp\/v2\/pages\/1322","targetHints":{"allow":["GET"]}}],"collection":[{"href":"https:\/\/massagereflex.ch\/index.php?rest_route=\/wp\/v2\/pages"}],"about":[{"href":"https:\/\/massagereflex.ch\/index.php?rest_route=\/wp\/v2\/types\/page"}],"author":[{"embeddable":true,"href":"https:\/\/massagereflex.ch\/index.php?rest_route=\/wp\/v2\/users\/1"}],"replies":[{"embeddable":true,"href":"https:\/\/massagereflex.ch\/index.php?rest_route=%2Fwp%2Fv2%2Fcomments&post=1322"}],"version-history":[{"count":101,"href":"https:\/\/massagereflex.ch\/index.php?rest_route=\/wp\/v2\/pages\/1322\/revisions"}],"predecessor-version":[{"id":3299,"href":"https:\/\/massagereflex.ch\/index.php?rest_route=\/wp\/v2\/pages\/1322\/revisions\/3299"}],"wp:attachment":[{"href":"https:\/\/massagereflex.ch\/index.php?rest_route=%2Fwp%2Fv2%2Fmedia&parent=1322"}],"curies":[{"name":"wp","href":"https:\/\/api.w.org\/{rel}","templated":true}]}}